{"id":790,"date":"2018-12-17T10:27:04","date_gmt":"2018-12-17T10:27:04","guid":{"rendered":"http:\/\/www.parya-vatankhah.com\/?page_id=790"},"modified":"2026-04-17T11:24:27","modified_gmt":"2026-04-17T11:24:27","slug":"je-me-soigne-tu-te-soignes-il-se-soigne-nous-allons-mourir-2018","status":"publish","type":"page","link":"http:\/\/www.parya-vatankhah.com\/?page_id=790","title":{"rendered":"Fragments of Pain"},"content":{"rendered":"\n<p class=\"has-very-dark-gray-color has-text-color\" style=\"font-size:18px\">s\u00e9ries of 16 works , technique mixte : acrylique et photographie sur papier Fine Art baryt\u00e9, couleur, 2019- 2025.<\/p>\n\n\n\n<p class=\"has-black-color has-text-color has-link-color wp-elements-31d60758586997d4e27635eb1db2cc48\" style=\"font-size:18px\">Cette s\u00e9rie met en sc\u00e8ne un corps partiellement envelopp\u00e9 de bandes m\u00e9dicales au sein d\u2019un paysage d\u00e9sertique. \u00c0 la fois dispositifs de soin et instruments de contrainte, ces bandages mat\u00e9rialisent la tension entre blessure et tentative de r\u00e9paration, r\u00e9v\u00e9lant la vuln\u00e9rabilit\u00e9 propre \u00e0 l\u2019exp\u00e9rience de l\u2019exil.<\/p>\n\n\n\n<p class=\"has-black-color has-text-color has-link-color wp-elements-c57b388fbe0339977b19922db7e02ff7\" style=\"font-size:18px\">Les images sont travaill\u00e9es par superpositions : textures de bandages, fragments de cicatrices et \u00e9l\u00e9ments visuels li\u00e9s \u00e0 l\u2019Iran se m\u00ealent \u00e0 la surface photographique. Ces strates produisent une perception fragment\u00e9e, o\u00f9 la m\u00e9moire appara\u00eet instable, travers\u00e9e par des ruptures et des d\u00e9placements.<\/p>\n\n\n\n<figure class=\"wp-block-gallery has-nested-images columns-default is-cropped wp-block-gallery-1 is-layout-flex wp-block-gallery-is-layout-flex\">\n<figure class=\"wp-block-image size-large\"><img loading=\"lazy\" decoding=\"async\" width=\"761\" height=\"1080\" data-id=\"5365\" src=\"https:\/\/www.parya-vatankhah.com\/wp-content\/uploads\/2026\/03\/168A3364-761x1080.jpg\" alt=\"Parya Vatankhah, body art, political art,  visual art, iranian artist, \" class=\"wp-image-5365 img-responsive\" srcset=\"http:\/\/www.parya-vatankhah.com\/wp-content\/uploads\/2026\/03\/168A3364-761x1080.jpg 761w, http:\/\/www.parya-vatankhah.com\/wp-content\/uploads\/2026\/03\/168A3364-423x600.jpg 423w, http:\/\/www.parya-vatankhah.com\/wp-content\/uploads\/2026\/03\/168A3364-768x1089.jpg 768w, http:\/\/www.parya-vatankhah.com\/wp-content\/uploads\/2026\/03\/168A3364-1083x1536.jpg 1083w, http:\/\/www.parya-vatankhah.com\/wp-content\/uploads\/2026\/03\/168A3364-1444x2048.jpg 1444w, http:\/\/www.parya-vatankhah.com\/wp-content\/uploads\/2026\/03\/168A3364-750x1064.jpg 750w, http:\/\/www.parya-vatankhah.com\/wp-content\/uploads\/2026\/03\/168A3364-scaled.jpg 1805w\" sizes=\"auto, (max-width: 761px) 100vw, 761px\" \/><\/figure>\n\n\n\n<figure class=\"wp-block-image size-large\"><img loading=\"lazy\" decoding=\"async\" width=\"821\" height=\"1080\" data-id=\"5364\" src=\"https:\/\/www.parya-vatankhah.com\/wp-content\/uploads\/2026\/03\/168A3350-821x1080.jpg\" alt=\"Parya Vatankhah, body art, political art,  visual art, iranian artist, \" class=\"wp-image-5364 img-responsive\" srcset=\"http:\/\/www.parya-vatankhah.com\/wp-content\/uploads\/2026\/03\/168A3350-821x1080.jpg 821w, http:\/\/www.parya-vatankhah.com\/wp-content\/uploads\/2026\/03\/168A3350-456x600.jpg 456w, http:\/\/www.parya-vatankhah.com\/wp-content\/uploads\/2026\/03\/168A3350-768x1010.jpg 768w, http:\/\/www.parya-vatankhah.com\/wp-content\/uploads\/2026\/03\/168A3350-1168x1536.jpg 1168w, http:\/\/www.parya-vatankhah.com\/wp-content\/uploads\/2026\/03\/168A3350-1558x2048.jpg 1558w, http:\/\/www.parya-vatankhah.com\/wp-content\/uploads\/2026\/03\/168A3350-750x986.jpg 750w, http:\/\/www.parya-vatankhah.com\/wp-content\/uploads\/2026\/03\/168A3350-scaled.jpg 1947w\" sizes=\"auto, (max-width: 821px) 100vw, 821px\" \/><\/figure>\n\n\n\n<figure class=\"wp-block-image size-large\"><img loading=\"lazy\" decoding=\"async\" width=\"747\" height=\"1080\" data-id=\"5363\" src=\"https:\/\/www.parya-vatankhah.com\/wp-content\/uploads\/2026\/03\/168A3378-747x1080.jpg\" alt=\"Parya Vatankhah, body art, political art,  visual art, iranian artist, \" class=\"wp-image-5363 img-responsive\" title=\"Parya Vatankhah, body art, political art,  visual art, iranian artist, \" srcset=\"http:\/\/www.parya-vatankhah.com\/wp-content\/uploads\/2026\/03\/168A3378-747x1080.jpg 747w, http:\/\/www.parya-vatankhah.com\/wp-content\/uploads\/2026\/03\/168A3378-415x600.jpg 415w, http:\/\/www.parya-vatankhah.com\/wp-content\/uploads\/2026\/03\/168A3378-768x1110.jpg 768w, http:\/\/www.parya-vatankhah.com\/wp-content\/uploads\/2026\/03\/168A3378-1063x1536.jpg 1063w, http:\/\/www.parya-vatankhah.com\/wp-content\/uploads\/2026\/03\/168A3378-1417x2048.jpg 1417w, http:\/\/www.parya-vatankhah.com\/wp-content\/uploads\/2026\/03\/168A3378-750x1084.jpg 750w, http:\/\/www.parya-vatankhah.com\/wp-content\/uploads\/2026\/03\/168A3378-scaled.jpg 1771w\" sizes=\"auto, (max-width: 747px) 100vw, 747px\" \/><figcaption class=\"wp-element-caption\"> <\/figcaption><\/figure>\n\n\n\n<figure class=\"wp-block-image size-large\"><img loading=\"lazy\" decoding=\"async\" width=\"1627\" height=\"1080\" data-id=\"5366\" src=\"https:\/\/www.parya-vatankhah.com\/wp-content\/uploads\/2026\/03\/168A3349-1-1627x1080.jpg\" alt=\"Parya Vatankhah, body art, political art,  visual art, iranian artist, \" class=\"wp-image-5366 img-responsive\" title=\"Parya Vatankhah, body art, political art,  visual art, iranian artist, \" srcset=\"http:\/\/www.parya-vatankhah.com\/wp-content\/uploads\/2026\/03\/168A3349-1-1627x1080.jpg 1627w, http:\/\/www.parya-vatankhah.com\/wp-content\/uploads\/2026\/03\/168A3349-1-600x398.jpg 600w, http:\/\/www.parya-vatankhah.com\/wp-content\/uploads\/2026\/03\/168A3349-1-768x510.jpg 768w, http:\/\/www.parya-vatankhah.com\/wp-content\/uploads\/2026\/03\/168A3349-1-1536x1020.jpg 1536w, http:\/\/www.parya-vatankhah.com\/wp-content\/uploads\/2026\/03\/168A3349-1-2048x1359.jpg 2048w, http:\/\/www.parya-vatankhah.com\/wp-content\/uploads\/2026\/03\/168A3349-1-750x498.jpg 750w\" sizes=\"auto, (max-width: 1627px) 100vw, 1627px\" \/><figcaption class=\"wp-element-caption\"> <\/figcaption><\/figure>\n\n\n\n<figure class=\"wp-block-image size-large\"><img loading=\"lazy\" decoding=\"async\" width=\"1920\" height=\"1075\" data-id=\"5367\" src=\"https:\/\/www.parya-vatankhah.com\/wp-content\/uploads\/2026\/03\/168A3351-1920x1075.jpg\" alt=\"Parya Vatankhah, body art, political art,  visual art, iranian artist, \" class=\"wp-image-5367 img-responsive\" title=\"Parya Vatankhah, body art, political art,  visual art, iranian artist, \" srcset=\"http:\/\/www.parya-vatankhah.com\/wp-content\/uploads\/2026\/03\/168A3351-1920x1075.jpg 1920w, http:\/\/www.parya-vatankhah.com\/wp-content\/uploads\/2026\/03\/168A3351-600x336.jpg 600w, http:\/\/www.parya-vatankhah.com\/wp-content\/uploads\/2026\/03\/168A3351-768x430.jpg 768w, http:\/\/www.parya-vatankhah.com\/wp-content\/uploads\/2026\/03\/168A3351-1536x860.jpg 1536w, http:\/\/www.parya-vatankhah.com\/wp-content\/uploads\/2026\/03\/168A3351-2048x1147.jpg 2048w, http:\/\/www.parya-vatankhah.com\/wp-content\/uploads\/2026\/03\/168A3351-750x420.jpg 750w\" sizes=\"auto, (max-width: 1920px) 100vw, 1920px\" \/><figcaption class=\"wp-element-caption\"> <\/figcaption><\/figure>\n\n\n\n<figure class=\"wp-block-image size-large\"><img loading=\"lazy\" decoding=\"async\" width=\"1604\" height=\"1080\" data-id=\"5368\" src=\"https:\/\/www.parya-vatankhah.com\/wp-content\/uploads\/2026\/03\/168A3389-2-1604x1080.jpg\" alt=\"Parya Vatankhah, body art, political art,  visual art, iranian artist, \" class=\"wp-image-5368 img-responsive\" title=\"Parya Vatankhah, body art, political art,  visual art, iranian artist, \" srcset=\"http:\/\/www.parya-vatankhah.com\/wp-content\/uploads\/2026\/03\/168A3389-2-1604x1080.jpg 1604w, http:\/\/www.parya-vatankhah.com\/wp-content\/uploads\/2026\/03\/168A3389-2-600x404.jpg 600w, http:\/\/www.parya-vatankhah.com\/wp-content\/uploads\/2026\/03\/168A3389-2-768x517.jpg 768w, http:\/\/www.parya-vatankhah.com\/wp-content\/uploads\/2026\/03\/168A3389-2-1536x1034.jpg 1536w, http:\/\/www.parya-vatankhah.com\/wp-content\/uploads\/2026\/03\/168A3389-2-2048x1379.jpg 2048w, http:\/\/www.parya-vatankhah.com\/wp-content\/uploads\/2026\/03\/168A3389-2-750x505.jpg 750w\" sizes=\"auto, (max-width: 1604px) 100vw, 1604px\" \/><\/figure>\n\n\n\n<figure class=\"wp-block-image size-large\"><img loading=\"lazy\" decoding=\"async\" width=\"762\" height=\"1080\" data-id=\"5369\" src=\"https:\/\/www.parya-vatankhah.com\/wp-content\/uploads\/2026\/03\/168A3370-762x1080.jpg\" alt=\"Parya Vatankhah, body art, political art,  visual art, iranian artist, \" class=\"wp-image-5369 img-responsive\" title=\"Parya Vatankhah, body art, political art,  visual art, iranian artist, \" srcset=\"http:\/\/www.parya-vatankhah.com\/wp-content\/uploads\/2026\/03\/168A3370-762x1080.jpg 762w, http:\/\/www.parya-vatankhah.com\/wp-content\/uploads\/2026\/03\/168A3370-423x600.jpg 423w, http:\/\/www.parya-vatankhah.com\/wp-content\/uploads\/2026\/03\/168A3370-768x1088.jpg 768w, http:\/\/www.parya-vatankhah.com\/wp-content\/uploads\/2026\/03\/168A3370-1084x1536.jpg 1084w, http:\/\/www.parya-vatankhah.com\/wp-content\/uploads\/2026\/03\/168A3370-1445x2048.jpg 1445w, http:\/\/www.parya-vatankhah.com\/wp-content\/uploads\/2026\/03\/168A3370-750x1063.jpg 750w, http:\/\/www.parya-vatankhah.com\/wp-content\/uploads\/2026\/03\/168A3370-scaled.jpg 1806w\" sizes=\"auto, (max-width: 762px) 100vw, 762px\" \/><figcaption class=\"wp-element-caption\"> <\/figcaption><\/figure>\n\n\n\n<figure class=\"wp-block-image size-large\"><img loading=\"lazy\" decoding=\"async\" width=\"826\" height=\"1080\" data-id=\"5370\" src=\"https:\/\/www.parya-vatankhah.com\/wp-content\/uploads\/2026\/03\/168A3353-826x1080.jpg\" alt=\"Parya Vatankhah, body art, political art,  visual art, iranian artist, \" class=\"wp-image-5370 img-responsive\" title=\"Parya Vatankhah, body art, political art,  visual art, iranian artist, \" srcset=\"http:\/\/www.parya-vatankhah.com\/wp-content\/uploads\/2026\/03\/168A3353-826x1080.jpg 826w, http:\/\/www.parya-vatankhah.com\/wp-content\/uploads\/2026\/03\/168A3353-459x600.jpg 459w, http:\/\/www.parya-vatankhah.com\/wp-content\/uploads\/2026\/03\/168A3353-768x1004.jpg 768w, http:\/\/www.parya-vatankhah.com\/wp-content\/uploads\/2026\/03\/168A3353-1175x1536.jpg 1175w, http:\/\/www.parya-vatankhah.com\/wp-content\/uploads\/2026\/03\/168A3353-1566x2048.jpg 1566w, http:\/\/www.parya-vatankhah.com\/wp-content\/uploads\/2026\/03\/168A3353-750x981.jpg 750w, http:\/\/www.parya-vatankhah.com\/wp-content\/uploads\/2026\/03\/168A3353-scaled.jpg 1958w\" sizes=\"auto, (max-width: 826px) 100vw, 826px\" \/><\/figure>\n\n\n\n<figure class=\"wp-block-image size-large\"><img loading=\"lazy\" decoding=\"async\" width=\"791\" height=\"1080\" data-id=\"5371\" src=\"https:\/\/www.parya-vatankhah.com\/wp-content\/uploads\/2026\/03\/168A3367-791x1080.jpg\" alt=\"Parya Vatankhah, body art, political art,  visual art, iranian artist, \" class=\"wp-image-5371 img-responsive\" title=\"Parya Vatankhah, body art, political art,  visual art, iranian artist, \" srcset=\"http:\/\/www.parya-vatankhah.com\/wp-content\/uploads\/2026\/03\/168A3367-791x1080.jpg 791w, http:\/\/www.parya-vatankhah.com\/wp-content\/uploads\/2026\/03\/168A3367-439x600.jpg 439w, http:\/\/www.parya-vatankhah.com\/wp-content\/uploads\/2026\/03\/168A3367-768x1049.jpg 768w, http:\/\/www.parya-vatankhah.com\/wp-content\/uploads\/2026\/03\/168A3367-1124x1536.jpg 1124w, http:\/\/www.parya-vatankhah.com\/wp-content\/uploads\/2026\/03\/168A3367-1499x2048.jpg 1499w, http:\/\/www.parya-vatankhah.com\/wp-content\/uploads\/2026\/03\/168A3367-750x1024.jpg 750w, http:\/\/www.parya-vatankhah.com\/wp-content\/uploads\/2026\/03\/168A3367-scaled.jpg 1874w\" sizes=\"auto, (max-width: 791px) 100vw, 791px\" \/><\/figure>\n<\/figure>\n\n\n<p>1<\/p>","protected":false},"excerpt":{"rendered":"<p>s\u00e9ries of 16 works , technique mixte : acrylique et photographie sur papier Fine Art baryt\u00e9, couleur, 2019- 2025. Cette s\u00e9rie met en sc\u00e8ne un corps partiellement envelopp\u00e9 de bandes m\u00e9dicales au sein d\u2019un paysage d\u00e9sertique. \u00c0 la fois dispositifs de soin et instruments de contrainte, ces bandages mat\u00e9rialisent la tension entre blessure et tentative [&hellip;]<\/p>\n","protected":false},"author":1,"featured_media":0,"parent":0,"menu_order":0,"comment_status":"closed","ping_status":"closed","template":"","meta":{"footnotes":""},"class_list":["post-790","page","type-page","status-publish","hentry"],"_links":{"self":[{"href":"http:\/\/www.parya-vatankhah.com\/index.php?rest_route=\/wp\/v2\/pages\/790","targetHints":{"allow":["GET"]}}],"collection":[{"href":"http:\/\/www.parya-vatankhah.com\/index.php?rest_route=\/wp\/v2\/pages"}],"about":[{"href":"http:\/\/www.parya-vatankhah.com\/index.php?rest_route=\/wp\/v2\/types\/page"}],"author":[{"embeddable":true,"href":"http:\/\/www.parya-vatankhah.com\/index.php?rest_route=\/wp\/v2\/users\/1"}],"replies":[{"embeddable":true,"href":"http:\/\/www.parya-vatankhah.com\/index.php?rest_route=%2Fwp%2Fv2%2Fcomments&post=790"}],"version-history":[{"count":27,"href":"http:\/\/www.parya-vatankhah.com\/index.php?rest_route=\/wp\/v2\/pages\/790\/revisions"}],"predecessor-version":[{"id":5522,"href":"http:\/\/www.parya-vatankhah.com\/index.php?rest_route=\/wp\/v2\/pages\/790\/revisions\/5522"}],"wp:attachment":[{"href":"http:\/\/www.parya-vatankhah.com\/index.php?rest_route=%2Fwp%2Fv2%2Fmedia&parent=790"}],"curies":[{"name":"wp","href":"https:\/\/api.w.org\/{rel}","templated":true}]}}