{"id":194,"date":"2018-03-23T12:33:16","date_gmt":"2018-03-23T12:33:16","guid":{"rendered":"http:\/\/www.parya-vatankhah.com\/?page_id=194"},"modified":"2025-06-10T09:16:35","modified_gmt":"2025-06-10T09:16:35","slug":"interviews","status":"publish","type":"page","link":"http:\/\/www.parya-vatankhah.com\/?page_id=194","title":{"rendered":"Interviews"},"content":{"rendered":"\n<p class=\"has-black-color has-text-color has-link-color has-small-font-size wp-elements-de9a67f63d1854fb0744e0ecac1e223e\"><strong style=\"white-space: normal;\">2025, Interview by Chim\u00e8ne ARAB<\/strong>\u00a0 -><a href=\"https:\/\/www.dropbox.com\/scl\/fi\/147qucfl80hr1kj6ec2wk\/entretien-Chim-ne-2025.pdf?rlkey=uju6uw2xkx4b6muc1n7kmmu6u&amp;st=g1dxihs0&amp;dl=0\" target=\"_blank\" rel=\"noreferrer noopener\"> HERE <\/a><\/p>\n\n\n\n<p class=\"has-black-color has-text-color has-link-color has-small-font-size wp-elements-fda5219e57c5e39af04793b491c56396\"><\/p>\n\n\n<p><b><span style=\"color: #000000;\">2023,<\/span> \u00a0<\/b><strong><a href=\"https:\/\/aicafrance.org\/retour-en-video-sur-le-prix-aica-2023-raphael-cuir\/\" target=\"_blank\" rel=\"noreferrer noopener\">Rapha\u00ebl Cuir a pr\u00e9sent\u00e9 le travail de Parya Vatankhah<\/a><\/strong>,<span style=\"color: #000000;\"> lors du Prix AICA France France de la critique d\u2019art 2023, le 9 octobre dernier \u00e0 l\u2019INHA<\/span><\/p>\n\n\n<figure class=\"wp-block-embed is-type-video is-provider-vimeo wp-block-embed-vimeo wp-embed-aspect-16-9 wp-has-aspect-ratio\"><div class=\"wp-block-embed__wrapper\">\n<iframe loading=\"lazy\" title=\"RETOUR EN VIDEO SUR LE PRIX AICA 2023 : Rapha\u00ebl CUIR present Parya Vatankhah\" src=\"https:\/\/player.vimeo.com\/video\/948849223?dnt=1&amp;app_id=122963\" width=\"980\" height=\"551\" frameborder=\"0\" allow=\"autoplay; fullscreen; picture-in-picture; clipboard-write; encrypted-media\"><\/iframe>\n<\/div><\/figure>\n\n\n\n<figure class=\"wp-block-embed is-type-rich is-provider-embed-handler wp-block-embed-embed-handler\"><div class=\"wp-block-embed__wrapper\">\nhttps:\/\/vimeo.com\/manage\/videos\/948849223\n<\/div><\/figure>\n\n\n\n<\/p>\n<p><span style=\"color: #000000;\"><strong>2023<\/strong><\/span> <span style=\"color: #0000ff;\"><a style=\"color: #0000ff;\" href=\"https:\/\/vimeo.com\/827923953\" target=\"_blank\" rel=\"noreferrer noopener\">\u0645\u0635\u0627\u062d\u0628\u0647 \u0628\u0631\u0627\u06cc \u0631\u0648\u0632 \u062c\u0647\u0627\u0646\u06cc \u0632\u0646 \u0628\u0627 \u0645\u0646 \u0648 \u062a\u0648 \u067e\u0644\u0627\u0633<\/a><\/span><span style=\"color: #000000;\">, interview by &#8220;Man o to Plus&#8221; for International Women&#8217;s Day<\/span><\/p>\n<p>\n\n\n\n<\/p>\n<p class=\"has-black-color has-text-color\"><strong>2023 <\/strong> Special program for International Women&#8217;s Day with Parya Vatankhah and Golnaz Behrouznia, <span style=\"color: #0000ff;\"><a style=\"color: #0000ff;\" href=\"https:\/\/soundcloud.com\/zaizairadio\/18h-20h-suite-itw-pary-vatankhah-et-golnaz-behrouznia?utm_source=clipboard&amp;utm_medium=text&amp;utm_campaign=social_sharing\" target=\"_blank\" rel=\"noreferrer noopener\">Zai Zai radio<\/a><\/span>, interview by Hortense Gauthier,<\/p>\n<p>\n\n\n\n<p class=\"has-black-color has-text-color\"><strong>2021 <\/strong>          Interview by Behnood Mokri, about <span style=\"text-decoration: underline;\"><mark style=\"background-color:rgba(0, 0, 0, 0);color:#3734b8\" class=\"has-inline-color\"><a rel=\"noreferrer noopener\" href=\"https:\/\/vimeo.com\/manage\/videos\/580302079\" target=\"_blank\">&#8220;Oodaaq&#8221; exhibition<\/a>,<\/mark><\/span> VOA ( Voice of America), Washington, USA,<\/p>\n\n\n\n<p class=\"has-black-color has-text-color\"><strong>2021<\/strong>            <mark style=\"background-color:rgba(0, 0, 0, 0);color:#0071a1\" class=\"has-inline-color\"> <\/mark><a rel=\"noreferrer noopener\" href=\"https:\/\/ir.voanews.com\/persiannewsarts\/oodaaq-festival-iranian-women-artists-video?fbclid=IwAR2tNd-tkXnZuFHVvL6Nn6ZFBRIvq-ALThMVvChLVpN0hHD-M6bSB2TbywY\" target=\"_blank\"><em><span style=\"text-decoration: underline;\"><mark style=\"background-color:rgba(0, 0, 0, 0);color:#4238da\" class=\"has-inline-color\">Iranian women artists exhibition<\/mark><\/span>,<\/em><\/a> curator Parya Vatankhah, interview, by Behnood Mokri, VOA ( Voice of America), Washington, USA, <\/p>\n\n\n\n<p class=\"has-black-color has-text-color\"><strong>2021<\/strong> &nbsp;      <em>&#8220;Corps \u00e9clips\u00e9, espace nocif&#8221;<\/em>, Iranian women artists exhibition by Parya Vatankhah, L&#8217;oeil d&#8217;Oodaaq,<span style=\"text-decoration: underline;\"><span style=\"color:#0071a1\" class=\"has-inline-color\"> <\/span><a href=\"http:\/\/canalb.fr\/index.php\/deuxboulesvanille\/346\" target=\"_blank\" rel=\"noreferrer noopener\"><span style=\"color:#4238da\" class=\"has-inline-color\">interview by Yann Barbiton<\/span><\/a><\/span>, Canal B, Renne, France,                                                                                        <\/p>\n\n\n\n<p class=\"has-black-color has-text-color\"><span style=\"color: #000000;\"><strong>2020 <\/strong>&nbsp; &nbsp;   <span style=\"color:#0071a1\" class=\"has-inline-color\"> <\/span><\/span><a rel=\"noreferrer noopener\" href=\"https:\/\/www.univ-paris8.fr\/IMG\/pdf\/bulletin_no5_-_actualite_s_de_la_recherche_a_paris_8.pdf\" target=\"_blank\"><em><span style=\"color:#0071a1\" class=\"has-inline-color\"><span style=\"text-decoration: underline;\">T<\/span><\/span><span style=\"text-decoration: underline;\"><span style=\"color:#4238da\" class=\"has-inline-color\">he relationship between art and violence in history<\/span><\/span><\/em><\/a><span class=\"has-inline-color has-black-color\">,&nbsp;<\/span><span style=\"color: #000000;\"><em>Actualit\u00e9 de la       recherche<\/em>, N\u00b05, Paris 8 university<\/span><\/p>\n\n\n\n<p class=\"has-black-color has-text-color\"><span style=\"color: #000000;\"><strong>2017 <\/strong>&nbsp; &nbsp;  &nbsp;<\/span><a rel=\"noreferrer noopener\" href=\"https:\/\/www.youtube.com\/watch?v=ZOjw4YXXRMI\" target=\"_blank\"><span style=\"text-decoration: underline;\"><span style=\"color:#4238da\" class=\"has-inline-color\">Interview by<em> <\/em>Hoda Sajjadi<em>, Persiana TV<\/em><\/span><\/span><\/a>,<span style=\"color: #000000;\"><span style=\"color: #993300;\"> <\/span>Paris, France<\/span><\/p>\n\n\n\n<p class=\"has-black-color has-text-color\"><span style=\"color: #000000;\"><strong>2016<\/strong>&nbsp;&nbsp;&nbsp;&nbsp;&nbsp;<\/span><em>  <a style=\"color: #993300;\" href=\"https:\/\/ir.voanews.com\/a\/iran-france-arts-video\/3668719.html\"><span style=\"color:#4238da\" class=\"has-inline-color\"><span style=\"text-decoration: underline;\">VOA (<\/span><\/span><\/a><a rel=\"noreferrer noopener\" href=\"https:\/\/ir.voanews.com\/a\/iran-france-arts-video\/3668719.html\" target=\"_blank\"><span style=\"color:#4238da\" class=\"has-inline-color\">Voice of America television channel)<\/span><\/a><\/em><span class=\"has-inline-color has-black-color\"><em><a rel=\"noreferrer noopener\" href=\"https:\/\/ir.voanews.com\/a\/iran-france-arts-video\/3668719.html\" target=\"_blank\">,<\/a><\/em> Interview<\/span><em>,<\/em><span style=\"color: #000000;\"><span style=\"color: #993300;\"> <\/span>Washington, USA<\/span><\/p>\n\n\n\n<p class=\"has-black-color has-text-color\"><span style=\"color: #333333;\"><strong>2016 <\/strong>&nbsp; &nbsp; &nbsp;Revue L&#8217;Oiseau_18, Art Contemporain Iranian, by Mathilde Jouen,&nbsp;Caen, France<\/span><\/p>\n\n\n\n<p class=\"has-black-color has-text-color\"><span style=\"color: #000000;\"><strong>2015 <\/strong>&nbsp; &nbsp; &nbsp;Interview by Vladimir Mitz, Radio <em>JFM<\/em>,<\/span><\/p>\n\n\n\n<p class=\"has-black-color has-text-color\"><span style=\"color: #000000;\"><strong>2014<\/strong>&nbsp;&nbsp;&nbsp;&nbsp;<span style=\"color: #993300;\"><span style=\"color:#4238da\" class=\"has-inline-color\"> <\/span><\/span><\/span><em><span style=\"text-decoration: underline;\"><span style=\"color:#4238da\" class=\"has-inline-color\"><a rel=\"noreferrer noopener\" href=\"http:\/\/www.teheran.ir\/spip.php?article1964#gsc.tab=0\" target=\"_blank\">Parya Vatankhah, Iranian<\/a> visual artist<\/span><\/span><\/em><span style=\"color: #000000;\"><span style=\"color: #993300;\"><span class=\"has-inline-color has-black-color\"> ,<\/span><\/span> Tehran revue, Mireille Ferreira, Paris, France,<\/span><\/p>\n\n\n\n<p class=\"has-black-color has-text-color\"><span style=\"color: #000000;\"><strong>2013<\/strong> &nbsp;   &nbsp;<\/span><a rel=\"noreferrer noopener\" href=\"http:\/\/vip.newmediafest.org\/?page_id=762\" target=\"_blank\"><em><span style=\"color:#4238da\" class=\"has-inline-color\"><span style=\"text-decoration: underline;\">Interview, VIP &#8211; VideoChannel Interview Project<\/span><\/span><\/em><\/a> <span style=\"color: #000000;\">(Video Art DataBase and Cologne International VideoArt Festival)<\/span><\/p>\n\n\n\n<p class=\"has-black-color has-text-color\"><span style=\"color: #000000;\"><strong>2011<\/strong> &nbsp; &nbsp;<span style=\"color: #333333;\"><span style=\"color: #993300;\"><span style=\"color:#0071a1\" class=\"has-inline-color\"> <\/span><\/span><\/span><\/span><em><a style=\"color: #993300;\" rel=\"noopener noreferrer\" href=\"https:\/\/www.youtube.com\/watch?v=PV9bHRRKnOo\" target=\"_blank\"><span style=\"color:#4238da\" class=\"has-inline-color\"><span style=\"text-decoration: underline;\">VOA (Voice of America television channel)<\/span><\/span><\/a><\/em><span style=\"color: #000000;\"><span style=\"color: #333333;\"><span style=\"color: #993300;\"><span style=\"color:#0071a1\" class=\"has-inline-color\"> <\/span><span class=\"has-inline-color has-black-color\">, Interview,<\/span><\/span><\/span><span class=\"has-inline-color has-black-color\"> <\/span>Washington, USA<\/span><\/p>\n\n\n\n<p class=\"has-black-color has-text-color\"><span style=\"color: #000000;\"><strong>2010<\/strong>&nbsp;&nbsp;&nbsp;&nbsp;&nbsp;<\/span><span style=\"color:#4238da\" class=\"has-inline-color\"><em><a rel=\"noreferrer noopener\" href=\"http:\/\/radiokoocheh.com\/article\/56413\" target=\"_blank\">Radio Koucheh<\/a><\/em><\/span><span style=\"color: #000000;\"><span style=\"color: #993300;\"><span class=\"has-inline-color has-black-color\">, Interview,<\/span><\/span> by Shirin Dehghan, American Office, USA<\/span><\/p>\n\n\n\n<p class=\"has-black-color has-text-color\"><span style=\"color: #000000;\"><strong>2008&nbsp;<\/strong>&nbsp;&nbsp;&nbsp;&nbsp;<em>The Color of Love<\/em>: An Exhibition for a great cause in Tehran, by Syma Sayyeh, Iran<\/span><\/p>\n\n\n\n<p class=\"has-black-color has-text-color\"><span style=\"color: #000000;\"><strong>2007<\/strong> &nbsp; &nbsp; Interview by Channel 4, <em>Chahar sou<\/em>, Tehran, Iran<\/span><\/p>\n\n\n\n<p class=\"has-black-color has-text-color\"><span style=\"color: #000000;\"><strong>2006 <\/strong>&nbsp; &nbsp;&nbsp;Interview by <em>Gilaneh<\/em> News paper, Rasht, Iran<\/span><\/p>\n\n\n\n<p><\/p>\n\n\n\n<p><\/p>\n\n\n\n<ul class=\"wp-block-social-links has-normal-icon-size has-icon-color is-style-logos-only is-content-justification-right is-layout-flex wp-container-core-social-links-is-layout-765c4724 wp-block-social-links-is-layout-flex\"><li style=\"color:#010101;\" class=\"wp-social-link wp-social-link-instagram  wp-block-social-link\"><a rel=\"noopener nofollow\" target=\"_blank\" href=\"https:\/\/www.instagram.com\/parya_vatankhah\/\" class=\"wp-block-social-link-anchor\"><svg width=\"24\" height=\"24\" viewBox=\"0 0 24 24\" version=\"1.1\" xmlns=\"http:\/\/www.w3.org\/2000\/svg\" aria-hidden=\"true\" focusable=\"false\"><path d=\"M12,4.622c2.403,0,2.688,0.009,3.637,0.052c0.877,0.04,1.354,0.187,1.671,0.31c0.42,0.163,0.72,0.358,1.035,0.673 c0.315,0.315,0.51,0.615,0.673,1.035c0.123,0.317,0.27,0.794,0.31,1.671c0.043,0.949,0.052,1.234,0.052,3.637 s-0.009,2.688-0.052,3.637c-0.04,0.877-0.187,1.354-0.31,1.671c-0.163,0.42-0.358,0.72-0.673,1.035 c-0.315,0.315-0.615,0.51-1.035,0.673c-0.317,0.123-0.794,0.27-1.671,0.31c-0.949,0.043-1.233,0.052-3.637,0.052 s-2.688-0.009-3.637-0.052c-0.877-0.04-1.354-0.187-1.671-0.31c-0.42-0.163-0.72-0.358-1.035-0.673 c-0.315-0.315-0.51-0.615-0.673-1.035c-0.123-0.317-0.27-0.794-0.31-1.671C4.631,14.688,4.622,14.403,4.622,12 s0.009-2.688,0.052-3.637c0.04-0.877,0.187-1.354,0.31-1.671c0.163-0.42,0.358-0.72,0.673-1.035 c0.315-0.315,0.615-0.51,1.035-0.673c0.317-0.123,0.794-0.27,1.671-0.31C9.312,4.631,9.597,4.622,12,4.622 M12,3 C9.556,3,9.249,3.01,8.289,3.054C7.331,3.098,6.677,3.25,6.105,3.472C5.513,3.702,5.011,4.01,4.511,4.511 c-0.5,0.5-0.808,1.002-1.038,1.594C3.25,6.677,3.098,7.331,3.054,8.289C3.01,9.249,3,9.556,3,12c0,2.444,0.01,2.751,0.054,3.711 c0.044,0.958,0.196,1.612,0.418,2.185c0.23,0.592,0.538,1.094,1.038,1.594c0.5,0.5,1.002,0.808,1.594,1.038 c0.572,0.222,1.227,0.375,2.185,0.418C9.249,20.99,9.556,21,12,21s2.751-0.01,3.711-0.054c0.958-0.044,1.612-0.196,2.185-0.418 c0.592-0.23,1.094-0.538,1.594-1.038c0.5-0.5,0.808-1.002,1.038-1.594c0.222-0.572,0.375-1.227,0.418-2.185 C20.99,14.751,21,14.444,21,12s-0.01-2.751-0.054-3.711c-0.044-0.958-0.196-1.612-0.418-2.185c-0.23-0.592-0.538-1.094-1.038-1.594 c-0.5-0.5-1.002-0.808-1.594-1.038c-0.572-0.222-1.227-0.375-2.185-0.418C14.751,3.01,14.444,3,12,3L12,3z M12,7.378 c-2.552,0-4.622,2.069-4.622,4.622S9.448,16.622,12,16.622s4.622-2.069,4.622-4.622S14.552,7.378,12,7.378z M12,15 c-1.657,0-3-1.343-3-3s1.343-3,3-3s3,1.343,3,3S13.657,15,12,15z M16.804,6.116c-0.596,0-1.08,0.484-1.08,1.08 s0.484,1.08,1.08,1.08c0.596,0,1.08-0.484,1.08-1.08S17.401,6.116,16.804,6.116z\"><\/path><\/svg><span class=\"wp-block-social-link-label screen-reader-text\">Instagram<\/span><\/a><\/li>\n\n<li style=\"color:#010101;\" class=\"wp-social-link wp-social-link-vimeo  wp-block-social-link\"><a rel=\"noopener nofollow\" target=\"_blank\" href=\"https:\/\/vimeo.com\/paryavatankhah\" class=\"wp-block-social-link-anchor\"><svg width=\"24\" height=\"24\" viewBox=\"0 0 24 24\" version=\"1.1\" xmlns=\"http:\/\/www.w3.org\/2000\/svg\" aria-hidden=\"true\" focusable=\"false\"><path d=\"M22.396,7.164c-0.093,2.026-1.507,4.799-4.245,8.32C15.322,19.161,12.928,21,10.97,21c-1.214,0-2.24-1.119-3.079-3.359 c-0.56-2.053-1.119-4.106-1.68-6.159C5.588,9.243,4.921,8.122,4.206,8.122c-0.156,0-0.701,0.328-1.634,0.98L1.594,7.841 c1.027-0.902,2.04-1.805,3.037-2.708C6.001,3.95,7.03,3.327,7.715,3.264c1.619-0.156,2.616,0.951,2.99,3.321 c0.404,2.557,0.685,4.147,0.841,4.769c0.467,2.121,0.981,3.181,1.542,3.181c0.435,0,1.09-0.688,1.963-2.065 c0.871-1.376,1.338-2.422,1.401-3.142c0.125-1.187-0.343-1.782-1.401-1.782c-0.498,0-1.012,0.115-1.541,0.341 c1.023-3.35,2.977-4.977,5.862-4.884C21.511,3.066,22.52,4.453,22.396,7.164z\"><\/path><\/svg><span class=\"wp-block-social-link-label screen-reader-text\">Vimeo<\/span><\/a><\/li>\n\n<li style=\"color:#010101;\" class=\"wp-social-link wp-social-link-facebook  wp-block-social-link\"><a rel=\"noopener nofollow\" target=\"_blank\" href=\"https:\/\/www.facebook.com\/parya.vatankhah\/\" class=\"wp-block-social-link-anchor\"><svg width=\"24\" height=\"24\" viewBox=\"0 0 24 24\" version=\"1.1\" xmlns=\"http:\/\/www.w3.org\/2000\/svg\" aria-hidden=\"true\" focusable=\"false\"><path d=\"M12 2C6.5 2 2 6.5 2 12c0 5 3.7 9.1 8.4 9.9v-7H7.9V12h2.5V9.8c0-2.5 1.5-3.9 3.8-3.9 1.1 0 2.2.2 2.2.2v2.5h-1.3c-1.2 0-1.6.8-1.6 1.6V12h2.8l-.4 2.9h-2.3v7C18.3 21.1 22 17 22 12c0-5.5-4.5-10-10-10z\"><\/path><\/svg><span class=\"wp-block-social-link-label screen-reader-text\">Facebook<\/span><\/a><\/li><\/ul>\n\n\n\n<p><\/p>\n\n\n<p>1<\/p>","protected":false},"excerpt":{"rendered":"<p>2025, Interview by Chim\u00e8ne ARAB\u00a0 -> HERE 2023, \u00a0Rapha\u00ebl Cuir a pr\u00e9sent\u00e9 le travail de Parya Vatankhah, lors du Prix AICA France France de la critique d\u2019art 2023, le 9 octobre dernier \u00e0 l\u2019INHA 2023 \u0645\u0635\u0627\u062d\u0628\u0647 \u0628\u0631\u0627\u06cc \u0631\u0648\u0632 \u062c\u0647\u0627\u0646\u06cc \u0632\u0646 \u0628\u0627 \u0645\u0646 \u0648 \u062a\u0648 \u067e\u0644\u0627\u0633, interview by &#8220;Man o to Plus&#8221; for International Women&#8217;s Day [&hellip;]<\/p>\n","protected":false},"author":1,"featured_media":0,"parent":0,"menu_order":0,"comment_status":"closed","ping_status":"closed","template":"","meta":{"footnotes":""},"class_list":["post-194","page","type-page","status-publish","hentry"],"_links":{"self":[{"href":"http:\/\/www.parya-vatankhah.com\/index.php?rest_route=\/wp\/v2\/pages\/194","targetHints":{"allow":["GET"]}}],"collection":[{"href":"http:\/\/www.parya-vatankhah.com\/index.php?rest_route=\/wp\/v2\/pages"}],"about":[{"href":"http:\/\/www.parya-vatankhah.com\/index.php?rest_route=\/wp\/v2\/types\/page"}],"author":[{"embeddable":true,"href":"http:\/\/www.parya-vatankhah.com\/index.php?rest_route=\/wp\/v2\/users\/1"}],"replies":[{"embeddable":true,"href":"http:\/\/www.parya-vatankhah.com\/index.php?rest_route=%2Fwp%2Fv2%2Fcomments&post=194"}],"version-history":[{"count":92,"href":"http:\/\/www.parya-vatankhah.com\/index.php?rest_route=\/wp\/v2\/pages\/194\/revisions"}],"predecessor-version":[{"id":5211,"href":"http:\/\/www.parya-vatankhah.com\/index.php?rest_route=\/wp\/v2\/pages\/194\/revisions\/5211"}],"wp:attachment":[{"href":"http:\/\/www.parya-vatankhah.com\/index.php?rest_route=%2Fwp%2Fv2%2Fmedia&parent=194"}],"curies":[{"name":"wp","href":"https:\/\/api.w.org\/{rel}","templated":true}]}}